{"id":538,"date":"2021-03-07T04:50:56","date_gmt":"2021-03-07T04:50:56","guid":{"rendered":"https:\/\/togasguatemala.com\/?post_type=product&#038;p=538"},"modified":"2021-03-15T22:31:06","modified_gmt":"2021-03-15T22:31:06","slug":"uniformes","status":"publish","type":"product","link":"https:\/\/togasguatemala.com.gt\/?product=uniformes","title":{"rendered":"Uniformes"},"content":{"rendered":"<p>\u00bfEn busca de darle un look casual a tu empresa o emprendimiento?<\/p>\n<ul>\n<li>Asesor\u00eda en dise\u00f1o y color.<\/li>\n<li>Bordado, impresi\u00f3n en serigraf\u00eda y sublimaci\u00f3n.<\/li>\n<li>Toma de medidas personalizada.<\/li>\n<\/ul>\n<p>Te ofrecemos:<\/p>\n<ul>\n<li>Playeras.<\/li>\n<li>Camisas tipo polo.<\/li>\n<li>Camisas tipo Columbia.<\/li>\n<li>Camisas en lona.<\/li>\n<li>Pantalones de lona.<\/li>\n<li>Trajes de bioseguridad.<\/li>\n<li>Gabachas y m\u00e1s.<\/li>\n<\/ul>\n","protected":false},"excerpt":{"rendered":"<p>\u00bfEn busca de darle un look casual a tu empresa o emprendimiento? Asesor\u00eda en dise\u00f1o y color. Bordado, impresi\u00f3n en serigraf\u00eda y sublimaci\u00f3n. Toma de medidas personalizada. Te ofrecemos: Playeras. Camisas tipo polo. Camisas tipo Columbia. Camisas en lona. Pantalones de lona. Trajes de bioseguridad. Gabachas y m\u00e1s.<\/p>\n","protected":false},"featured_media":541,"comment_status":"open","ping_status":"closed","template":"","meta":[],"product_cat":[24],"product_tag":[],"_links":{"self":[{"href":"https:\/\/togasguatemala.com.gt\/index.php?rest_route=\/wp\/v2\/product\/538"}],"collection":[{"href":"https:\/\/togasguatemala.com.gt\/index.php?rest_route=\/wp\/v2\/product"}],"about":[{"href":"https:\/\/togasguatemala.com.gt\/index.php?rest_route=\/wp\/v2\/types\/product"}],"replies":[{"embeddable":true,"href":"https:\/\/togasguatemala.com.gt\/index.php?rest_route=%2Fwp%2Fv2%2Fcomments&post=538"}],"wp:featuredmedia":[{"embeddable":true,"href":"https:\/\/togasguatemala.com.gt\/index.php?rest_route=\/wp\/v2\/media\/541"}],"wp:attachment":[{"href":"https:\/\/togasguatemala.com.gt\/index.php?rest_route=%2Fwp%2Fv2%2Fmedia&parent=538"}],"wp:term":[{"taxonomy":"product_cat","embeddable":true,"href":"https:\/\/togasguatemala.com.gt\/index.php?rest_route=%2Fwp%2Fv2%2Fproduct_cat&post=538"},{"taxonomy":"product_tag","embeddable":true,"href":"https:\/\/togasguatemala.com.gt\/index.php?rest_route=%2Fwp%2Fv2%2Fproduct_tag&post=538"}],"curies":[{"name":"wp","href":"https:\/\/api.w.org\/{rel}","templated":true}]}}