{"id":537,"date":"2021-03-07T04:44:27","date_gmt":"2021-03-07T04:44:27","guid":{"rendered":"https:\/\/togasguatemala.com\/?post_type=product&#038;p=537"},"modified":"2021-03-07T05:31:42","modified_gmt":"2021-03-07T05:31:42","slug":"renta-o-adquiere-tu-bandera","status":"publish","type":"product","link":"https:\/\/togasguatemala.com.gt\/?product=renta-o-adquiere-tu-bandera","title":{"rendered":"Renta o Adquiere tu Bandera"},"content":{"rendered":"<p>Te brindamos el servicio de renta de bandera.<\/p>\n<ul>\n<li>Guatemala.<\/li>\n<li>Universitarias.<\/li>\n<\/ul>\n<p>\u00bfA\u00fan no cuentas con tu bandera?<\/p>\n<ul>\n<li>Realizamos banderas institucionales.<\/li>\n<li>Estandartes.<\/li>\n<li>Asta.<\/li>\n<li>Mo\u00f1as.<\/li>\n<li>Manteler\u00eda institucional.<\/li>\n<\/ul>\n","protected":false},"excerpt":{"rendered":"<p>Te brindamos el servicio de renta de bandera. Guatemala. Universitarias. \u00bfA\u00fan no cuentas con tu bandera? Realizamos banderas institucionales. Estandartes. Asta. Mo\u00f1as. Manteler\u00eda institucional.<\/p>\n","protected":false},"featured_media":547,"comment_status":"open","ping_status":"closed","template":"","meta":[],"product_cat":[23],"product_tag":[],"_links":{"self":[{"href":"https:\/\/togasguatemala.com.gt\/index.php?rest_route=\/wp\/v2\/product\/537"}],"collection":[{"href":"https:\/\/togasguatemala.com.gt\/index.php?rest_route=\/wp\/v2\/product"}],"about":[{"href":"https:\/\/togasguatemala.com.gt\/index.php?rest_route=\/wp\/v2\/types\/product"}],"replies":[{"embeddable":true,"href":"https:\/\/togasguatemala.com.gt\/index.php?rest_route=%2Fwp%2Fv2%2Fcomments&post=537"}],"wp:featuredmedia":[{"embeddable":true,"href":"https:\/\/togasguatemala.com.gt\/index.php?rest_route=\/wp\/v2\/media\/547"}],"wp:attachment":[{"href":"https:\/\/togasguatemala.com.gt\/index.php?rest_route=%2Fwp%2Fv2%2Fmedia&parent=537"}],"wp:term":[{"taxonomy":"product_cat","embeddable":true,"href":"https:\/\/togasguatemala.com.gt\/index.php?rest_route=%2Fwp%2Fv2%2Fproduct_cat&post=537"},{"taxonomy":"product_tag","embeddable":true,"href":"https:\/\/togasguatemala.com.gt\/index.php?rest_route=%2Fwp%2Fv2%2Fproduct_tag&post=537"}],"curies":[{"name":"wp","href":"https:\/\/api.w.org\/{rel}","templated":true}]}}